{"id":752,"date":"2021-08-02T20:13:49","date_gmt":"2021-08-02T18:13:49","guid":{"rendered":"https:\/\/www.mastering.se\/happy-clients\/"},"modified":"2024-08-23T14:35:06","modified_gmt":"2024-08-23T12:35:06","slug":"happy-clients","status":"publish","type":"page","link":"https:\/\/www.mastering.se\/en\/happy-clients\/","title":{"rendered":"Happy clients"},"content":{"rendered":"\t\t<div data-elementor-type=\"wp-post\" data-elementor-id=\"752\" class=\"elementor elementor-752 elementor-258\" data-elementor-post-type=\"page\">\n\t\t\t\t\t\t<section class=\"elementor-section elementor-top-section elementor-element elementor-element-564c7c5 elementor-section-boxed elementor-section-height-default elementor-section-height-default\" data-id=\"564c7c5\" data-element_type=\"section\" data-e-type=\"section\">\n\t\t\t\t\t\t<div class=\"elementor-container elementor-column-gap-default\">\n\t\t\t\t\t<div class=\"elementor-column elementor-col-100 elementor-top-column elementor-element elementor-element-849e598\" data-id=\"849e598\" data-element_type=\"column\" data-e-type=\"column\">\n\t\t\t<div class=\"elementor-widget-wrap elementor-element-populated\">\n\t\t\t\t\t\t<div class=\"elementor-element elementor-element-1b78ce2 elementor-widget elementor-widget-heading\" data-id=\"1b78ce2\" data-element_type=\"widget\" data-e-type=\"widget\" data-widget_type=\"heading.default\">\n\t\t\t\t<div class=\"elementor-widget-container\">\n\t\t\t\t\t<h2 class=\"elementor-heading-title elementor-size-default\">OUR CLIENTS<\/h2>\t\t\t\t<\/div>\n\t\t\t\t<\/div>\n\t\t\t\t<div class=\"elementor-element elementor-element-84688dc elementor-widget elementor-widget-text-editor\" data-id=\"84688dc\" data-element_type=\"widget\" data-e-type=\"widget\" data-widget_type=\"text-editor.default\">\n\t\t\t\t<div class=\"elementor-widget-container\">\n\t\t\t\t\t\t\t\t\t<p>Some clients we have worked with over the years, back to 2003.<\/p>\n\t\t\t\t\t\t\t\t<\/div>\n\t\t\t\t<\/div>\n\t\t\t\t\t<\/div>\n\t\t<\/div>\n\t\t\t\t\t<\/div>\n\t\t<\/section>\n\t\t\t\t<section class=\"elementor-section elementor-top-section elementor-element elementor-element-e4282d5 elementor-section-boxed elementor-section-height-default elementor-section-height-default\" data-id=\"e4282d5\" data-element_type=\"section\" data-e-type=\"section\">\n\t\t\t\t\t\t<div class=\"elementor-container elementor-column-gap-default\">\n\t\t\t\t\t<div class=\"elementor-column elementor-col-50 elementor-top-column elementor-element elementor-element-4279a9d\" data-id=\"4279a9d\" data-element_type=\"column\" data-e-type=\"column\">\n\t\t\t<div class=\"elementor-widget-wrap elementor-element-populated\">\n\t\t\t\t\t\t<div class=\"elementor-element elementor-element-a23c7e3 elementor-widget elementor-widget-text-editor\" data-id=\"a23c7e3\" data-element_type=\"widget\" data-e-type=\"widget\" data-widget_type=\"text-editor.default\">\n\t\t\t\t<div class=\"elementor-widget-container\">\n\t\t\t\t\t\t\t\t\t<p>\u2663 Thommy Borssen\u2026\u2026\u2026\u2026\u2026.Red. Hot.<\/p>\n<p>\u2663 Oscar Eriksson\u2026\u2026\u2026\u2026\u2026\u2026Mosmeny<\/p>\n<p>\u2663 Joakim Budee\u2026\u2026\u2026\u2026\u2026\u2026\u2026\u2026..Artist<\/p>\n<p>\u2663 Fr\u00e4lsningsarmen\u2026\u2026.S\u00e4g det i toner<\/p>\n<p>\u2663 Peter Tikkanen\u2026\u2026\u2026\u2026\u2026..Day by Day<\/p>\n<p>\u2663 Cecilia Hage\u2026\u2026\u2026\u2026G\u00f6mda Skatter<\/p>\n<p>\u2663 Amelie Bj\u00f6rk\u2026\u2026\u2026\u2026\u2026\u2026Familjeserier<\/p>\n<p>\u2663 Suicide Lucy\u2026\u2026.\u2026Beat Up Yourself<\/p>\n<p>\u2663 Mathias Kristensson\u2026\u2026\u2026..In I Out<\/p>\n<p>\u2663 Drama Roots\u2026\u2026\u2026..Live at the Rock<\/p>\n<p>\u2663 Lucius\u2026\u2026\u2026\u2026\u2026\u2026\u2026\u2026\u2026Catch &amp; Bleed<\/p>\n<p>\u2663 Catfish Charly\u2026\u2026\u2026\u2026\u2026\u2026..No Tricks<\/p>\n<p>\u2663 Callisto\u2026\u2026\u2026\u2026\u2026\u2026\u2026\u2026Flyg Prinsessa<\/p>\n<p>\u2663 Kaspersky\u2026\u2026..Cybercrime Scanner<\/p>\n<p>\u2663 Rivanile\u2026\u2026\u2026\u2026\u2026..Roots and Bricks<\/p>\n<p>\u2663 Shadowcore\u2026\u2026.Noises in my Head<\/p>\n<p>\u2663 Pasted\u2026\u2026\u2026\u2026\u2026\u2026\u2026\u2026\u2026..Fr\u00e5n Ruta Ett<\/p>\n<p>\u2663 Don Redmon Band..The Swedish\u2026<\/p>\n<p>\u2663 IRMA\u2026\u2026.En Kvinnas Livsber\u00e4ttelse<\/p>\n<p>\u2663 Diiriya\u2026\u2026\u2026\u2026\u2026\u2026\u2026\u2026\u2026\u2026\u2026\u2026\u2026\u2026.Himilo<\/p>\n<p>\u2663 Blind Tension\u2026\u2026\u2026\u2026.Eleven of Two<\/p>\n<p>\u2663 Soundfish\u2026\u2026\u2026\u2026\u2026\u2026\u2026\u2026\u2026\u2026\u2026\u2026..Rise<\/p>\n<p>\u2663 Henrik Roos\u2026\u2026\u2026\u2026\u2026\u2026\u2026..Varje g\u00e5ng<\/p>\n<p>\u2663 Psaltarpsalmer\u2026\u2026\u2026\u2026.Tideg\u00e4rden<\/p>\n<p>\u2663 Daniel Timmerfors..Teen Time Love<\/p>\n<p>\u2663 Fornicators\u2026\u2026\u2026\u2026\u2026..At Your Cervix<\/p>\n<p>\u2663 Ekebyholms Lovs\u00e5ngsteam.best of<\/p>\n<p>\u2663 Misericordia\u2026\u2026\u2026\u2026\u2026\u2026\u2026..The Art Of<\/p>\n<p>\u2663 F\u00f6rortshj\u00e4rta\u2026\u2026.Navestad mot v\u00e5ld<\/p>\n<p>\u2663 Punk Osfug\u2026\u2026\u2026Playwood session<\/p>\n<p>\u2663 Daily SPORTS\u2026\u2026\u2026\u2026\u2026\u2026Our Hearts<\/p>\n<p>\u2663 Lipstick Killers\u2026\u2026.El Paradise Club<\/p>\n<p>\u2663 Limpan\u2026\u2026\u2026\u2026\u2026\u2026\u2026\u2026\u2026..Sax For You<\/p>\n<p>\u2663 Slim Loris\u2026\u2026\u2026\u2026\u2026\u2026.Amateur Night<\/p>\n<p>\u2663 Still Around\u2026\u2026\u2026\u2026.Live at Loveboat<\/p>\n<p>\u2663 Pure Malt\u2026\u2026\u2026\u2026\u2026\u2026\u2026..Cask Stregth<\/p>\n<p>\u2663 Svenljunga Symphonic Band\u2026..Live<\/p>\n<p>\u2663 Magdalena &amp; Elisabeth\u2026\u2026..It Takes<\/p>\n<p>\u2663 Fridlyst\u2026\u2026\u2026\u2026\u2026\u2026\u2026From Both Sides<\/p>\n<p>\u2663 Sungame\u2026\u2026\u2026\u2026\u2026\u2026\u2026\u2026\u2026\u2026\u2026\u2026..Walk<\/p>\n<p>\u2663 Charlotte\u2026\u2026\u2026\u2026\u2026\u2026..Things to Keep<\/p>\n<p>\u2663 Craterface\u2026\u2026\u2026\u2026\u2026\u2026\u2026..Self Esteem<\/p>\n<p>\u2663 Motherload\u2026\u2026\u2026\u2026\u2026\u2026.Inside Enemy<\/p>\n<p>\u2663 Luhrarne\u2026\u2026\u2026\u2026\u2026\u2026\u2026\u2026Iskalla Toner<\/p>\n<p>\u2663 Parviz Khoshrazm\u2026\u2026\u2026\u2026\u2026\u2026\u2026Artist<\/p>\n<p>\u2663 Rock II\u2026\u2026\u2026\u2026..From Valley Country<\/p>\n<p>\u2663 Muddle\u2026\u2026\u2026\u2026\u2026\u2026\u2026\u2026\u2026\u2026\u2026\u2026\u2026.Honey<\/p>\n<p>\u2663 The Custumlines\u2026\u2026\u2026\u2026Our Legacy<\/p>\n<p>\u2663 ELSA\u2026\u2026\u2026\u2026\u2026\u2026Whos Got The Right<\/p>\n<p>\u2663 Magdalena Sloberg\u2026\u2026\u2026\u2026\u2026\u2026.Ironic<\/p>\n<p>\u2663 Alternight\u2026\u2026\u2026\u2026\u2026\u2026\u2026\u2026\u2026\u2026\u2026\u2026..Vol 1<\/p>\n<p>\u2663 Corona\u2026\u2026\u2026\u2026\u2026\u2026\u2026\u2026\u2026\u2026\u2026\u2026\u2026\u2026\u2026.10<\/p>\n<p>\u2663 Alexander Segerstr\u00f6m\u2026\u2026\u2026\u2026.Finks<\/p>\n<p>\u2663 Br\u00f6derna Truck\u2026\u2026\u2026\u2026\u2026\u2026God Afton<\/p>\n<p>\u2663 Mindgarden.Time To Be Recognized<\/p>\n<p>\u2663 Marie Carlsson\u2026\u2026\u2026.Dreaming Sea<\/p>\n<p>\u2663 Sm\u00e4llkaramellerna\u2026\u2026\u2026\u2026Mer Ljus<\/p>\n<p>\u2663 David Engstr\u00f6m\u2026\u2026\u2026\u2026\u2026..Ur Vatten<\/p>\n<p>\u2663 Maschine Krank\u2026\u2026\u2026\u2026\u2026Mine Fires<\/p>\n<p>\u2663 APA Operated\u2026\u2026\u2026\u2026\u2026\u2026\u2026\u2026..Classic<\/p>\n<p>\u2663 Skyfall\u2026\u2026\u2026\u2026\u2026\u2026\u2026\u2026\u2026..N\u00e4r vi \u00c4lskar<\/p>\n<p>\u2663 Backroad Playboys\u2026\u2026\u2026.Old School<\/p>\n<p>\u2663 Glesbygdsrebellerna\u2026\u2026\u2026..V\u00e4gkors<\/p>\n<p>\u2663 Marcus\u2026\u2026\u2026\u2026\u2026\u2026\u2026\u2026.Art of Walking<\/p>\n<p>\u2663 Laila Saikoff Gladh\u2026\u2026..The Journey<\/p>\n<p>\u2663 Senior Dans\u2026\u2026\u2026\u2026\u2026\u2026\u2026\u2026\u2026\u2026\u2026.1994<\/p>\n<p>\u2663 Bengt Sj\u00f6berg\u2026.\u00c4ven Blinda Kan Se<\/p>\n<p>\u2663 Tupplurarna\u2026\u2026\u2026\u2026\u2026..As long as I\u2019m<\/p>\n<p>\u2663 Tommy Bergs\u2026\u2026Tommy Bergs Ork<\/p>\n<p>\u2663 S\u00e5ngafton T\u00e4rend\u00f6\u2026\u2026.Gr\u00f6na T\u00e4ltet<\/p>\n<p>\u2663 Gabi Yakob\u2026\u2026\u2026\u2026\u2026\u2026\u2026\u2026\u2026\u2026\u2026..Artist<\/p>\n<p>\u2663 Markus Miljand\u2026\u2026\u2026\u2026\u2026\u2026\u2026\u2026\u2026Artist<\/p>\n<p>\u2663 Brigada Illuminada\u2026\u2026\u2026\u2026\u2026..MONAD<\/p>\n<p>\u2663 Elin Kero\u2026\u2026\u2026\u2026\u2026\u2026\u2026\u2026\u2026\u2026.Vaggvisor<\/p>\n<p>\u2663 S\u00f6derhamn FF Minja feat. Maja<\/p>\n<p>\u2663 Kalle Karlsson\u2026\u2026\u2026\u2026\u2026\u2026\u2026\u2026\u2026..Artist<\/p>\n<p>\u2663 Ehrling Lundberg\u2026..Nya M\u00f6jligheter<\/p>\n<p>\u2663 ELVIRA\u2026\u2026\u2026\u2026\u2026\u2026\u2026\u2026\u2026\u2026\u2026\u2026\u2026Qigong<\/p>\n<p>\u2663 Arcus Kvartett\u2026\u2026\u2026\u2026\u2026\u2026\u2026\u2026BIOL 44<\/p>\n<p>\u2663 Henric Sj\u00f6strand\u2026\u2026\u2026\u2026.Frusen Sj\u00e4l<\/p>\n<p>\u2663 Slidin\u2019 Slim\u2026\u2026..Transatlantic Blues<\/p>\n<p>\u2663 Lasse Trofast\u2026\u2026\u2026\u2026\u2026\u2026\u2026\u2026\u2026.\u00d6land<\/p>\n<p>\u2663 Briggen Tre Br\u00f6der..I V\u00e5tt Och Torrt<\/p>\n<p>\u2663 Dan Bergenholtz\u2026\u2026\u2026\u2026\u2026\u2026\u2026\u2026.Miffo<\/p>\n<p>\u2663 Novalie\u2026\u2026\u2026\u2026\u2026\u2026\u2026\u2026Is Silence Gold<\/p>\n<p>\u2663 \u00c4ppelbojul\u2026\u2026\u2026\u2026.Nu \u00c4r Det Jul Igen<\/p>\n<p>\u2663 Stormdeath\u2026\u2026\u2026\u2026\u2026\u2026\u2026\u2026\u2026\u2026Godrun<\/p>\n<p>\u2663 Tenba Altso\u2026\u2026\u2026\u2026\u2026Long Forsaken<\/p>\n\t\t\t\t\t\t\t\t<\/div>\n\t\t\t\t<\/div>\n\t\t\t\t\t<\/div>\n\t\t<\/div>\n\t\t\t\t<div class=\"elementor-column elementor-col-50 elementor-top-column elementor-element elementor-element-0f57163\" data-id=\"0f57163\" data-element_type=\"column\" data-e-type=\"column\">\n\t\t\t<div class=\"elementor-widget-wrap elementor-element-populated\">\n\t\t\t\t\t\t<div class=\"elementor-element elementor-element-4dcde0d elementor-widget elementor-widget-text-editor\" data-id=\"4dcde0d\" data-element_type=\"widget\" data-e-type=\"widget\" data-widget_type=\"text-editor.default\">\n\t\t\t\t<div class=\"elementor-widget-container\">\n\t\t\t\t\t\t\t\t\t<p>\u2663 Convent 666\u2026\u2026\u2026\u2026\u2026All Hail the 666<\/p>\n<p>\u2663 Splitter\u2026\u2026\u2026\u2026\u2026\u2026\u2026\u2026\u2026\u2026\u2026\u2026\u2026Play08<\/p>\n<p>\u2663 Claes G\u00f6ran Hederstr\u00f6m\u2026\u2026Gubbar<\/p>\n<p>\u2663 Nailheads Trio\u2026\u2026Today I Go To Hell<\/p>\n<p>\u2663 Slidin\u2019 Slim\u2026\u2026\u2026\u2026\u2026Ten Long Years<\/p>\n<p>\u2663 Rickard Vagerud..Mitt Svenska Mod<\/p>\n<p>\u2663 Mindfullness\u2026\u2026\u2026\u2026\u2026N\u00e4rvaro i Nuet<\/p>\n<p>\u2663 Crossover\u2026\u2026\u2026\u2026\u2026\u2026\u2026\u2026I Mitt Hj\u00e4rta<\/p>\n<p>\u2663 The Prince of MSK\u2026\u2026\u2026\u2026..Levenaig<\/p>\n<p>\u2663 Melthodhaye Musical\u2026\u2026.Tesmesto<\/p>\n<p>\u2663 Sweden J\u00e4rnet\u2026\u2026\u2026\u2026\u2026Tjena ungar<\/p>\n<p>\u2663 Fretless\u2026\u2026\u2026\u2026\u2026\u2026\u2026\u2026..Local Heroes<\/p>\n<p>\u2663 Gabi Conda\u2026\u2026\u2026\u2026\u2026\u2026\u2026\u2026\u2026\u2026\u2026.Artist<\/p>\n<p>\u2663 Disdained\u2026\u2026\u2026\u2026\u2026\u2026\u2026\u2026\u2026\u2026\u2026..Album<\/p>\n<p>\u2663 Kristian Carlsson\u2026\u2026\u2026\u2026\u2026Lock Lips<\/p>\n<p>\u2663 Confusion\u2026\u2026\u2026\u2026\u2026\u2026\u2026.Danger Zone<\/p>\n<p>\u2663 Donkeyshot\u2026.Barbie Land &amp; Candy<\/p>\n<p>\u2663 Peter Hansson\u2026\u2026\u2026\u2026\u2026\u2026\u2026\u2026..Album<\/p>\n<p>\u2663 Kronofogden\u2026\u2026\u2026\u2026\u2026\u2026\u2026\u2026Rid i Natt<\/p>\n<p>\u2663 Streetfeet\u2026\u2026\u2026\u2026\u2026\u2026\u2026\u2026\u2026\u2026\u2026.Album<\/p>\n<p>\u2663 Karin Andersson\u2026\u2026\u2026\u2026\u2026\u2026.Mitt Hav<\/p>\n<p>\u2663 Hans Th\u00f6rn\u2026\u2026\u2026\u2026\u2026\u2026\u2026.Soundbook<\/p>\n<p>\u2663 Snoozy and Nothings\u2026\u2026Wonderful<\/p>\n<p>\u2663 Rawley Taylor\u2026\u2026The Golden Rings<\/p>\n<p>\u2663 Dionna\u2026\u2026\u2026\u2026\u2026\u2026\u2026\u2026.Calling on You<\/p>\n<p>\u2663 Cenneth Carlsson\u2026\u2026\u2026\u2026\u2026\u2026.Money<\/p>\n<p>\u2663 Everlone\u2026\u2026\u2026\u2026\u2026\u2026\u2026\u2026\u2026Bleed it Out<\/p>\n<p>\u2663 Project Rotten\u2026\u2026\u2026\u2026\u2026.Freakshow<\/p>\n<p>\u2663 Martin Jakobsson\u2026.Bortom R\u00f6ken<\/p>\n<p>\u2663 Meadows End\u2026\u2026\u2026..Ode to Quietus<\/p>\n<p>\u2663 Songwriter Mania\u2026\u2026\u2026\u2026\u2026\u2026\u2026.2011<\/p>\n<p>\u2663 Monas Gubbar\u2026\u2026\u2026\u2026\u2026\u2026.Gubbr\u00f6ra<\/p>\n<p>\u2663 Loverboy\u2026\u2026\u2026\u2026\u2026\u2026\u2026\u2026\u2026\u2026..L\u00e4ngtan<\/p>\n<p>\u2663 Slam Tilt\u2026\u2026\u2026\u2026\u2026\u2026\u2026\u2026\u2026\u2026.Bad Habit<\/p>\n<p>\u2663 S\u00e5ngen om Bl\u00f6tpojken\u2026\u2026.Lissmyr<\/p>\n<p>\u2663 Richard Sseruwagi\u2026\u2026\u2026\u2026\u2026Sysslor<\/p>\n<p>\u2663 Fj\u00e4lldraget\u2026\u2026\u2026\u2026\u2026\u2026\u2026\u2026\u2026\u2026.Blandat<\/p>\n<p>\u2663 Eric Larsen\u2026\u2026\u2026\u2026\u2026\u2026.Pekefingern<\/p>\n<p>\u2663 Joakim\u2026\u2026\u2026\u2026\u2026\u2026\u2026\u2026\u2026\u2026\u2026\u2026.Utanf\u00f6r<\/p>\n<p>\u2663 Connect\u2026\u2026\u2026\u2026\u2026\u2026\u2026\u2026\u2026..Bli Hos Mig<\/p>\n<p>\u2663 Mourad Mette\u2026\u2026.Raise the Praise<\/p>\n<p>\u2663 Svenska Kyrkan\u2026\u2026\u2026..Doppsalmer<\/p>\n<p>\u2663 Turbulence\u2026\u2026Keepers of the Light<\/p>\n<p>\u2663 Tito\u2026\u2026\u2026\u2026\u2026\u2026\u2026\u2026\u2026..I Look so Good<\/p>\n<p>\u2663 Pegasus\u2026\u2026\u2026\u2026\u2026\u2026\u2026..Gormenghast<\/p>\n<p>\u2663 Andreas Wistrand\u2026\u2026\u2026\u2026Over Now<\/p>\n<p>\u2663 Mother Misery..Dirty Little Secrets<\/p>\n<p>\u2663 Von Panzer\u2026\u2026\u2026.War of the Words<\/p>\n<p>\u2663 Ingens Hundar.S\u00f6mnl\u00f6s i S\u00f6dert\u00e4lje<\/p>\n<p>\u2663 Ellda\u2026\u2026\u2026\u2026\u2026\u2026\u2026..G\u00f6r Om. G\u00f6r R\u00e4tt<\/p>\n<p>\u2663 Helena Salo\u2026\u2026\u2026\u2026\u2026\u2026\u2026\u2026.Tonkonst<\/p>\n<p>\u2663 Black Mojo\u2026\u2026\u2026\u2026\u2026The True Beijing<\/p>\n<p>\u2663 Bafoons\u2026\u2026\u2026\u2026\u2026\u2026\u2026.Another Place<\/p>\n<p>\u2663 Sterile Hermaphrodite\u2026\u2026\u2026..Big Fat<\/p>\n<p>\u2663 The Gearheads\u2026\u2026\u2026..Hang em High<\/p>\n<p>\u2663 Ida\u2026\u2026.En Resa Genom \u00c5rstiderna<\/p>\n<p>\u2663 Ymber\u2026\u2026\u2026\u2026\u2026\u2026\u2026\u2026\u2026\u2026\u2026Heia Reisa<\/p>\n<p>\u2663 Vulkan\u2026\u2026\u2026\u2026\u2026\u2026\u2026\u2026\u2026\u2026.Mask of Air<\/p>\n<p>\u2663 Marcus H\u00f6rberg\u2026Jul i Almundsryd<\/p>\n<p>\u2663 Hion Martell\u2026\u2026\u2026\u2026\u2026\u2026\u2026\u2026\u2026\u2026.Water<\/p>\n<p>\u2663 Tired Tape Machine\u2026\u2026\u2026..Between<\/p>\n<p>\u2663 Ingens Hundar\u2026\u2026\u2026\u2026\u2026.. H\u00e5rt Regn<\/p>\n<p>\u2663 Eva Lindes Orkester\u2026..Enkel Resa<\/p>\n<p>\u2663 Asthenia\u2026\u2026\u2026\u2026\u2026..No More Barriers<\/p>\n<p>\u2663 Johan Nilsson\u2026\u2026\u2026\u2026\u2026\u2026\u2026\u2026\u2026..Lois<\/p>\n<p>\u2663 Stay Close\u2026\u2026\u2026\u2026\u2026\u2026\u2026.P\u00e5 Beg\u00e4ran<\/p>\n<p>\u2663 Simon Issa\u2026\u2026\u2026\u2026\u2026\u2026\u2026\u2026Panorama<\/p>\n<p>\u2663 Leaving Shore\u2026..Den L\u00e5nga V\u00e4gen<\/p>\n<p>\u2663 Barbro Sundstr\u00f6m\u2026\u2026The Second<\/p>\n<p>\u2663 Everlone\u2026\u2026\u2026\u2026.the Vinyl Collection<\/p>\n<p>\u2663 Tre o me Comp\u2026\u2026\u2026\u2026\u2026\u2026\u2026\u2026Album<\/p>\n<p>\u2663 Zooparty\u2026\u2026\u2026.You Must Be Joking<\/p>\n<p>\u2663 Bernts Sockerwadd\u2026\u2026\u2026\u2026\u2026Album<\/p>\n<p>\u2663 Lovisa Lindstr\u00f6m\u2026\u2026\u2026\u2026..The Time<\/p>\n<p>\u2663 Magnus L\u00f6fstedt\u2026\u2026\u2026\u2026\u2026\u2026..Album<\/p>\n<p>\u2663 Jan George\u2026\u2026\u2026\u2026\u2026\u2026\u2026.Play to Win<\/p>\n<p>\u2663 Jerrys Farsa.Der Schwedische Elch<\/p>\n<p>\u2663 The Vandiles..Born to be Bastards<\/p>\n<p>\u2663 Kajko\u2026\u2026\u2026\u2026\u2026\u2026\u2026\u2026\u2026..Str\u00e5lande v\u00e4n<\/p>\n<p>\u2663 New Sunny Side Ramblers\u2026.Lucky<\/p>\n<p>\u2663 Martin Stenhufvud\u2026\u2026\u2026Finns Ingen<\/p>\n<p>\u2663 Mona Johansson\u2026\u2026\u2026.Bitter Sweet<\/p>\n<p>\u2663 Bad Dreams Always\u2026You Make Me<\/p>\n<p>\u2663 Andre Wall\u2026\u2026\u2026\u2026\u2026\u2026..Dream Away<\/p>\n<p>\u2663 Vacancy Labour\u2026\u2026..Sakur, Sakura<\/p>\n<p>\u2663 Captain Orange\u2026\u2026\u2026\u2026..Will Prevail<\/p>\n<p>\u2663 Idan\u2026\u2026\u2026\u2026\u2026\u2026\u2026\u2026\u2026\u2026\u2026\u2026..Cheaproot<\/p>\n<p>\u2663 Inkvisitionen\u2026\u2026\u2026\u2026\u2026\u2026\u2026\u2026\u2026..Album<\/p>\n<p>\u2663 Sailosailors\u2026.Under a Woodstump<\/p>\n\t\t\t\t\t\t\t\t<\/div>\n\t\t\t\t<\/div>\n\t\t\t\t\t<\/div>\n\t\t<\/div>\n\t\t\t\t\t<\/div>\n\t\t<\/section>\n\t\t\t\t<section class=\"elementor-section elementor-top-section elementor-element elementor-element-a7f4df3 elementor-section-boxed elementor-section-height-default elementor-section-height-default\" data-id=\"a7f4df3\" data-element_type=\"section\" data-e-type=\"section\">\n\t\t\t\t\t\t<div class=\"elementor-container elementor-column-gap-default\">\n\t\t\t\t\t<div class=\"elementor-column elementor-col-100 elementor-top-column elementor-element elementor-element-3041340\" data-id=\"3041340\" data-element_type=\"column\" data-e-type=\"column\">\n\t\t\t<div class=\"elementor-widget-wrap elementor-element-populated\">\n\t\t\t\t\t\t<div class=\"elementor-element elementor-element-0c629c1 elementor-widget elementor-widget-image\" data-id=\"0c629c1\" data-element_type=\"widget\" data-e-type=\"widget\" data-widget_type=\"image.default\">\n\t\t\t\t<div class=\"elementor-widget-container\">\n\t\t\t\t\t\t\t\t\t\t\t\t\t\t\t<img fetchpriority=\"high\" decoding=\"async\" width=\"1024\" height=\"768\" src=\"https:\/\/www.mastering.se\/wp-content\/uploads\/2022\/10\/Mastering-mixning-studio-1024x768.jpg\" class=\"attachment-large size-large wp-image-821\" alt=\"Mastering fr\u00e5n sverige\" srcset=\"https:\/\/www.mastering.se\/wp-content\/uploads\/2022\/10\/Mastering-mixning-studio-1024x768.jpg 1024w, https:\/\/www.mastering.se\/wp-content\/uploads\/2022\/10\/Mastering-mixning-studio-300x225.jpg 300w, https:\/\/www.mastering.se\/wp-content\/uploads\/2022\/10\/Mastering-mixning-studio-768x576.jpg 768w, https:\/\/www.mastering.se\/wp-content\/uploads\/2022\/10\/Mastering-mixning-studio-1536x1152.jpg 1536w, https:\/\/www.mastering.se\/wp-content\/uploads\/2022\/10\/Mastering-mixning-studio.jpg 1920w\" sizes=\"(max-width: 1024px) 100vw, 1024px\" title=\"\">\t\t\t\t\t\t\t\t\t\t\t\t\t\t\t<\/div>\n\t\t\t\t<\/div>\n\t\t\t\t\t<\/div>\n\t\t<\/div>\n\t\t\t\t\t<\/div>\n\t\t<\/section>\n\t\t\t\t<\/div>\n\t\t","protected":false},"excerpt":{"rendered":"<p>OUR CLIENTS Some clients we have worked with over the years, back to 2003. \u2663 Thommy Borssen\u2026\u2026\u2026\u2026\u2026.Red. Hot. \u2663 Oscar Eriksson\u2026\u2026\u2026\u2026\u2026\u2026Mosmeny \u2663 Joakim Budee\u2026\u2026\u2026\u2026\u2026\u2026\u2026\u2026..Artist \u2663 Fr\u00e4lsningsarmen\u2026\u2026.S\u00e4g det i toner \u2663 Peter Tikkanen\u2026\u2026\u2026\u2026\u2026..Day by Day \u2663 Cecilia Hage\u2026\u2026\u2026\u2026G\u00f6mda Skatter \u2663 Amelie Bj\u00f6rk\u2026\u2026\u2026\u2026\u2026\u2026Familjeserier \u2663 Suicide Lucy\u2026\u2026.\u2026Beat Up Yourself \u2663 Mathias Kristensson\u2026\u2026\u2026..In I Out \u2663 Drama Roots\u2026\u2026\u2026..Live at [&hellip;]<\/p>\n","protected":false},"author":1,"featured_media":0,"parent":0,"menu_order":0,"comment_status":"closed","ping_status":"closed","template":"","meta":{"ocean_post_layout":"","ocean_both_sidebars_style":"","ocean_both_sidebars_content_width":0,"ocean_both_sidebars_sidebars_width":0,"ocean_sidebar":"0","ocean_second_sidebar":"0","ocean_disable_margins":"enable","ocean_add_body_class":"","ocean_shortcode_before_top_bar":"","ocean_shortcode_after_top_bar":"","ocean_shortcode_before_header":"","ocean_shortcode_after_header":"","ocean_has_shortcode":"","ocean_shortcode_after_title":"","ocean_shortcode_before_footer_widgets":"","ocean_shortcode_after_footer_widgets":"","ocean_shortcode_before_footer_bottom":"","ocean_shortcode_after_footer_bottom":"","ocean_display_top_bar":"default","ocean_display_header":"default","ocean_header_style":"","ocean_center_header_left_menu":"0","ocean_custom_header_template":"0","ocean_custom_logo":0,"ocean_custom_retina_logo":0,"ocean_custom_logo_max_width":0,"ocean_custom_logo_tablet_max_width":0,"ocean_custom_logo_mobile_max_width":0,"ocean_custom_logo_max_height":0,"ocean_custom_logo_tablet_max_height":0,"ocean_custom_logo_mobile_max_height":0,"ocean_header_custom_menu":"0","ocean_menu_typo_font_family":"0","ocean_menu_typo_font_subset":"","ocean_menu_typo_font_size":0,"ocean_menu_typo_font_size_tablet":0,"ocean_menu_typo_font_size_mobile":0,"ocean_menu_typo_font_size_unit":"px","ocean_menu_typo_font_weight":"","ocean_menu_typo_font_weight_tablet":"","ocean_menu_typo_font_weight_mobile":"","ocean_menu_typo_transform":"","ocean_menu_typo_transform_tablet":"","ocean_menu_typo_transform_mobile":"","ocean_menu_typo_line_height":0,"ocean_menu_typo_line_height_tablet":0,"ocean_menu_typo_line_height_mobile":0,"ocean_menu_typo_line_height_unit":"","ocean_menu_typo_spacing":0,"ocean_menu_typo_spacing_tablet":0,"ocean_menu_typo_spacing_mobile":0,"ocean_menu_typo_spacing_unit":"","ocean_menu_link_color":"","ocean_menu_link_color_hover":"","ocean_menu_link_color_active":"","ocean_menu_link_background":"","ocean_menu_link_hover_background":"","ocean_menu_link_active_background":"","ocean_menu_social_links_bg":"","ocean_menu_social_hover_links_bg":"","ocean_menu_social_links_color":"","ocean_menu_social_hover_links_color":"","ocean_disable_title":"default","ocean_disable_heading":"default","ocean_post_title":"","ocean_post_subheading":"","ocean_post_title_style":"background-image","ocean_post_title_background_color":"","ocean_post_title_background":708,"ocean_post_title_bg_image_position":"center center","ocean_post_title_bg_image_attachment":"","ocean_post_title_bg_image_repeat":"","ocean_post_title_bg_image_size":"","ocean_post_title_height":200,"ocean_post_title_bg_overlay":0.5,"ocean_post_title_bg_overlay_color":"","ocean_disable_breadcrumbs":"default","ocean_breadcrumbs_color":"","ocean_breadcrumbs_separator_color":"","ocean_breadcrumbs_links_color":"","ocean_breadcrumbs_links_hover_color":"","ocean_display_footer_widgets":"default","ocean_display_footer_bottom":"default","ocean_custom_footer_template":"0","osh_disable_topbar_sticky":"default","osh_disable_header_sticky":"default","osh_sticky_header_style":"default","osh_sticky_header_effect":"","osh_custom_sticky_logo":0,"osh_custom_retina_sticky_logo":0,"osh_custom_sticky_logo_height":0,"osh_background_color":"","osh_links_color":"","osh_links_hover_color":"","osh_links_active_color":"","osh_links_bg_color":"","osh_links_hover_bg_color":"","osh_links_active_bg_color":"","osh_menu_social_links_color":"","osh_menu_social_hover_links_color":"","footnotes":""},"class_list":["post-752","page","type-page","status-publish","hentry","entry"],"_links":{"self":[{"href":"https:\/\/www.mastering.se\/en\/wp-json\/wp\/v2\/pages\/752","targetHints":{"allow":["GET"]}}],"collection":[{"href":"https:\/\/www.mastering.se\/en\/wp-json\/wp\/v2\/pages"}],"about":[{"href":"https:\/\/www.mastering.se\/en\/wp-json\/wp\/v2\/types\/page"}],"author":[{"embeddable":true,"href":"https:\/\/www.mastering.se\/en\/wp-json\/wp\/v2\/users\/1"}],"replies":[{"embeddable":true,"href":"https:\/\/www.mastering.se\/en\/wp-json\/wp\/v2\/comments?post=752"}],"version-history":[{"count":0,"href":"https:\/\/www.mastering.se\/en\/wp-json\/wp\/v2\/pages\/752\/revisions"}],"wp:attachment":[{"href":"https:\/\/www.mastering.se\/en\/wp-json\/wp\/v2\/media?parent=752"}],"curies":[{"name":"wp","href":"https:\/\/api.w.org\/{rel}","templated":true}]}}